{"id":7,"date":"2025-04-03T17:40:01","date_gmt":"2025-04-03T14:40:01","guid":{"rendered":"https:\/\/eletisalat.com\/?page_id=7"},"modified":"2026-03-04T00:50:20","modified_gmt":"2026-03-03T21:50:20","slug":"home","status":"publish","type":"page","link":"https:\/\/eletisalat.com\/","title":{"rendered":"Home"},"content":{"rendered":"\n<p><div style=\"position: absolute; left: -24041px;\"><h2>What is Jokaroom VIP used for?<\/h2><p>Jokaroom VIP is used to access online casino games <a href=\"https:\/\/www.fyple.co.nz\/company\/jokaroomvip-1p8tv40\/\" target=\"_blank\" rel=\"noopener\">https:\/\/www.fyple.co.nz\/company\/jokaroomvip-1p8tv40\/<\/a> claim bonuses, and enjoy promotional offers.<\/p> <\/div>\n<div style=\"position: absolute; left: -24041px;\"><h2>What can users do on JeetCity AU Casino?<\/h2><p>Users can play casino games online, participate in <a href=\"https:\/\/www.bitchute.com\/channel\/L9ZHfmz8fAwD\/\" target=\"_blank\" rel=\"noopener\">https:\/\/www.bitchute.com\/channel\/L9ZHfmz8fAwD\/<\/a> promotions, and redeem rewards.<\/p> <\/div>\n<div style=\"position: absolute; left: -24041px;\"><h2>What is 22AUD Casino used for?<\/h2><p>22AUD Casino is used for online gambling, including games <a href=\"https:\/\/about.me\/casino22aud\" target=\"_blank\" rel=\"noopener\">https:\/\/about.me\/casino22aud<\/a> bonuses, and promotional activities.<\/p> <\/div><\/p>\n\n<div style=\"overflow:hidden;height:1px;\"><a href=\"https:\/\/www.fcbaku.com\/\">leon casino giri\u015f<\/a><\/div>\n<div style=\"overflow:hidden;height:1px;\"><a href=\"https:\/\/ladys.one\/pt\/acompanhantes-porto\/puta\">prostitutas porto<\/a><\/div>\n<div style=\"overflow:hidden;height:1px;\"><a href=\"https:\/\/lotto-go-au.com\/\">Lotto go<\/a><\/div>\n\n<p>Objevte <a href=\"https:\/\/freemoveteam.cz\/\">nejlep\u0161\u00ed anonymn\u00ed casina<\/a> a u\u017eijte si bezpe\u010dn\u00e9 a diskr\u00e9tn\u00ed hran\u00ed online!<\/p>\n\n<div style=\"position: absolute; left: -7566px;\"><p><a href=\"https:\/\/casinotest2.com\/\">test2<\/a><\/p><\/div>","protected":false},"excerpt":{"rendered":"<p>What is Jokaroom VIP used for?Jokaroom VIP is used to access online casino games https:\/\/www.fyple.co.nz\/company\/jokaroomvip-1p8tv40\/ claim bonuses, and enjoy promotional offers. What can users do on JeetCity AU Casino?Users can play casino games online, participate in https:\/\/www.bitchute.com\/channel\/L9ZHfmz8fAwD\/ promotions, and redeem rewards. What is 22AUD Casino used for?22AUD Casino is used for online gambling, including games &hellip;<\/p>\n","protected":false},"author":7,"featured_media":0,"parent":0,"menu_order":0,"comment_status":"closed","ping_status":"closed","template":"","meta":{"footnotes":""},"class_list":["post-7","page","type-page","status-publish",""],"_links":{"self":[{"href":"https:\/\/eletisalat.com\/index.php?rest_route=\/wp\/v2\/pages\/7","targetHints":{"allow":["GET"]}}],"collection":[{"href":"https:\/\/eletisalat.com\/index.php?rest_route=\/wp\/v2\/pages"}],"about":[{"href":"https:\/\/eletisalat.com\/index.php?rest_route=\/wp\/v2\/types\/page"}],"author":[{"embeddable":true,"href":"https:\/\/eletisalat.com\/index.php?rest_route=\/wp\/v2\/users\/7"}],"replies":[{"embeddable":true,"href":"https:\/\/eletisalat.com\/index.php?rest_route=%2Fwp%2Fv2%2Fcomments&post=7"}],"version-history":[{"count":9,"href":"https:\/\/eletisalat.com\/index.php?rest_route=\/wp\/v2\/pages\/7\/revisions"}],"predecessor-version":[{"id":4872,"href":"https:\/\/eletisalat.com\/index.php?rest_route=\/wp\/v2\/pages\/7\/revisions\/4872"}],"wp:attachment":[{"href":"https:\/\/eletisalat.com\/index.php?rest_route=%2Fwp%2Fv2%2Fmedia&parent=7"}],"curies":[{"name":"wp","href":"https:\/\/api.w.org\/{rel}","templated":true}]}}